{"id":156,"date":"2025-01-09T10:14:53","date_gmt":"2025-01-09T09:14:53","guid":{"rendered":"https:\/\/primotem.be\/?page_id=156"},"modified":"2025-01-09T10:15:25","modified_gmt":"2025-01-09T09:15:25","slug":"s-a-v","status":"publish","type":"page","link":"https:\/\/primotem.be\/index.php\/s-a-v\/","title":{"rendered":"S.A.V."},"content":{"rendered":"<nav class=\"is-responsive items-justified-center alignwide wp-block-navigation is-content-justification-center is-layout-flex wp-container-core-navigation-is-layout-a89b3969 wp-block-navigation-is-layout-flex\" aria-label=\"Navigation 3\" \n\t\t data-wp-interactive=\"core\/navigation\" data-wp-context='{\"overlayOpenedBy\":{\"click\":false,\"hover\":false,\"focus\":false},\"type\":\"overlay\",\"roleAttribute\":\"\",\"ariaLabel\":\"Menu\"}'><button aria-haspopup=\"dialog\" aria-label=\"Open menu\" class=\"wp-block-navigation__responsive-container-open\" \n\t\t\t\tdata-wp-on--click=\"actions.openMenuOnClick\"\n\t\t\t\tdata-wp-on--keydown=\"actions.handleMenuKeydown\"\n\t\t\t><svg width=\"24\" height=\"24\" xmlns=\"http:\/\/www.w3.org\/2000\/svg\" viewBox=\"0 0 24 24\" aria-hidden=\"true\" focusable=\"false\"><path d=\"M4 7.5h16v1.5H4z\"><\/path><path d=\"M4 15h16v1.5H4z\"><\/path><\/svg><\/button>\n\t\t\t\t<div class=\"wp-block-navigation__responsive-container\"  id=\"modal-1\" \n\t\t\t\tdata-wp-class--has-modal-open=\"state.isMenuOpen\"\n\t\t\t\tdata-wp-class--is-menu-open=\"state.isMenuOpen\"\n\t\t\t\tdata-wp-watch=\"callbacks.initMenu\"\n\t\t\t\tdata-wp-on--keydown=\"actions.handleMenuKeydown\"\n\t\t\t\tdata-wp-on--focusout=\"actions.handleMenuFocusout\"\n\t\t\t\ttabindex=\"-1\"\n\t\t\t>\n\t\t\t\t\t<div class=\"wp-block-navigation__responsive-close\" tabindex=\"-1\">\n\t\t\t\t\t\t<div class=\"wp-block-navigation__responsive-dialog\" \n\t\t\t\tdata-wp-bind--aria-modal=\"state.ariaModal\"\n\t\t\t\tdata-wp-bind--aria-label=\"state.ariaLabel\"\n\t\t\t\tdata-wp-bind--role=\"state.roleAttribute\"\n\t\t\t>\n\t\t\t\t\t\t\t<button aria-label=\"Close menu\" class=\"wp-block-navigation__responsive-container-close\" \n\t\t\t\tdata-wp-on--click=\"actions.closeMenuOnClick\"\n\t\t\t><svg xmlns=\"http:\/\/www.w3.org\/2000\/svg\" viewBox=\"0 0 24 24\" width=\"24\" height=\"24\" aria-hidden=\"true\" focusable=\"false\"><path d=\"m13.06 12 6.47-6.47-1.06-1.06L12 10.94 5.53 4.47 4.47 5.53 10.94 12l-6.47 6.47 1.06 1.06L12 13.06l6.47 6.47 1.06-1.06L13.06 12Z\"><\/path><\/svg><\/button>\n\t\t\t\t\t\t\t<div class=\"wp-block-navigation__responsive-container-content\" \n\t\t\t\tdata-wp-watch=\"callbacks.focusFirstElement\"\n\t\t\t id=\"modal-1-content\">\n\t\t\t\t\t\t\t\t<ul class=\"wp-block-navigation__container is-responsive items-justified-center alignwide wp-block-navigation\"><ul class=\"wp-block-page-list\"><li class=\"wp-block-pages-list__item wp-block-navigation-item open-on-hover-click\"><a class=\"wp-block-pages-list__item__link wp-block-navigation-item__content\" href=\"https:\/\/primotem.be\/index.php\/audits-etudes-techniques\/\">Audits &amp; \u00c9tudes techniques<\/a><\/li><li class=\"wp-block-pages-list__item wp-block-navigation-item open-on-hover-click\"><a class=\"wp-block-pages-list__item__link wp-block-navigation-item__content\" href=\"https:\/\/primotem.be\/index.php\/comptablite-energetique\/\">Comptablit\u00e9 \u00c9nerg\u00e9tique<\/a><\/li><li class=\"wp-block-pages-list__item wp-block-navigation-item open-on-hover-click\"><a class=\"wp-block-pages-list__item__link wp-block-navigation-item__content\" href=\"https:\/\/primotem.be\/index.php\/le-cos-phi\/\">Cos \u03c6<\/a><\/li><li class=\"wp-block-pages-list__item wp-block-navigation-item open-on-hover-click\"><a class=\"wp-block-pages-list__item__link wp-block-navigation-item__content\" href=\"https:\/\/primotem.be\/index.php\/page-d-exemple\/\">Power Quality<\/a><\/li><li class=\"wp-block-pages-list__item wp-block-navigation-item open-on-hover-click\"><a class=\"wp-block-pages-list__item__link wp-block-navigation-item__content\" href=\"https:\/\/primotem.be\/index.php\/s-a-v\/\">S.A.V.<\/a><\/li><li class=\"wp-block-pages-list__item wp-block-navigation-item open-on-hover-click\"><a class=\"wp-block-pages-list__item__link wp-block-navigation-item__content\" href=\"https:\/\/primotem.be\/index.php\/delestage-effacement\/\">D\u00e9lestage &#8211; Effacement<\/a><\/li><li class=\"wp-block-pages-list__item wp-block-navigation-item open-on-hover-click\"><a class=\"wp-block-pages-list__item__link wp-block-navigation-item__content\" href=\"https:\/\/primotem.be\/index.php\/contacts\/\">Contacts<\/a><\/li><\/ul><\/ul>\n\t\t\t\t\t\t\t<\/div>\n\t\t\t\t\t\t<\/div>\n\t\t\t\t\t<\/div>\n\t\t\t\t<\/div><\/nav>\n\n\n<h3 class=\"wp-block-heading\">Vous avez investi dans des outils ?<\/h3>\n\n\n\n<p>Parce qu&#8217;un produit de qualit\u00e9 m\u00e9rite les meilleurs soins, nos services peuvent se r\u00e9v\u00e9ler pr\u00e9cieux ! Mais quels sont-ils ?<\/p>\n\n\n\n<p>analyses de r\u00e9seau orient\u00e9es vers l\u2019int\u00e9gration de solutions<\/p>\n\n\n\n<ul class=\"wp-block-list\">\n<li>conseils (pr\u00e9ventifs et correctifs)<\/li>\n\n\n\n<li>solutions sur mesure (Cos Phi, harmoniques, \u2026)<\/li>\n\n\n\n<li>Le raccordement de vos nouveaux consommateurs<\/li>\n\n\n\n<li>inspection d\u2019appareillages existants (batteries, filtres, relais varm\u00e9triques etc.)<\/li>\n\n\n\n<li>assistance \u00e0 la mise en service<\/li>\n\n\n\n<li>assistance technique lors de la mise en \u0153uvre de nouveaux consommateurs<\/li>\n<\/ul>\n\n\n\n<h4 class=\"wp-block-heading alignwide has-text-align-center\">Nous proposons un service d\u2019entretien et de contr\u00f4le pour votre (vos) batterie(s) de condensateurs qui int\u00e8gre \u00e9galement un contr\u00f4le technique complet, permettant un \u00e9tat des lieux des capacit\u00e9s r\u00e9siduelles et de l\u2019\u00e9tat de fonctionnement de votre installation de compensation. Cet entretien peut \u00e9galement s\u2019accompagner, en cas de besoin, d\u2019un contr\u00f4le thermographique. Celui-ci peut mener \u00e0 une anticipation des pannes (risques d\u2019incendies et d\u2019explosion) et contribue ainsi \u00e0 une augmentation de la fiabilit\u00e9 et de la long\u00e9vit\u00e9 des \u00e9quipements.<\/h4>\n\n\n\n<figure class=\"wp-block-image size-full\"><img loading=\"lazy\" decoding=\"async\" width=\"942\" height=\"520\" src=\"https:\/\/primotem.be\/wp-content\/uploads\/2024\/12\/image-14.png\" alt=\"\" class=\"wp-image-142\" srcset=\"https:\/\/primotem.be\/wp-content\/uploads\/2024\/12\/image-14.png 942w, https:\/\/primotem.be\/wp-content\/uploads\/2024\/12\/image-14-300x166.png 300w, https:\/\/primotem.be\/wp-content\/uploads\/2024\/12\/image-14-768x424.png 768w\" sizes=\"auto, (max-width: 942px) 100vw, 942px\" \/><\/figure>\n\n\n\n<figure class=\"wp-block-image aligncenter size-full\"><img loading=\"lazy\" decoding=\"async\" width=\"342\" height=\"256\" src=\"https:\/\/primotem.be\/wp-content\/uploads\/2024\/12\/image-15.png\" alt=\"\" class=\"wp-image-143\" srcset=\"https:\/\/primotem.be\/wp-content\/uploads\/2024\/12\/image-15.png 342w, https:\/\/primotem.be\/wp-content\/uploads\/2024\/12\/image-15-300x225.png 300w\" sizes=\"auto, (max-width: 342px) 100vw, 342px\" \/><\/figure>\n\n\n\n<h2 class=\"wp-block-heading alignwide has-text-align-center\">Nous supportons toutes les marques et tous les types de batteries de condensateurs et accessoires<\/h2>\n\n\n\n<p>Par exemple, les marques :<\/p>\n\n\n\n<p>ABB, ACEC, ASEA, ASEA Capacitors, Asea Kondensatoren, Asea Lepper, Bosch, ABB Schaltanlagentechnik, ABB Kondensatoren, BBC, Beluk, Dominit, Lepper-Dominit, Condensator Dominit, AEG, Siemens, Schneider Electric, Fraco, Alpivar, Mtec, Comar, Legrand, Socomec, Merlin Gerin, Icar, \u2026<\/p>\n\n\n\n<p>Pour les produits :<\/p>\n\n\n\n<p>BLR, Bosch MP, CD, CLA, CLB, CLD, CLMA, CLMB, CLMC, CLMD, CLMF, CLMH, CLMT, CLMV, CLMW, CLMW-ISO, CLMY, CLMZ, CPN, CLML, CD, Cp, CLMS, CLMW-ISO, , CLMK, CLMW-L, CLMK-L, CLMX-L, RVP, RVQ, RVR, RVS, RVC, RVT, ServoM, CPH, CHA, CHB, CHC, \u2026<\/p>\n\n\n\n<p>Pour la majorit\u00e9 des marques et types susmentionn\u00e9s, nous sommes \u00e0 m\u00eame de vous offrir non seulement une inspection mais aussi un conseil professionnel et des pi\u00e8ces de rechange &#8211; disponibles pour la plupart de stock avec les fiches techniques et manuels en Fran\u00e7ais.<\/p>\n\n\n\n<p>Relais varm\u00e9triques, Contacteurs, Condensateurs, R\u00e9sistances de d\u00e9charge, C\u00e2ble de puissance isolation renforc\u00e9e, Fusibles de protection HPC, etc.<\/p>\n\n\n\n<p><\/p>\n","protected":false},"excerpt":{"rendered":"<p>Vous avez investi dans des outils ? Parce qu&#8217;un produit de qualit\u00e9 m\u00e9rite les meilleurs soins, nos services peuvent se r\u00e9v\u00e9ler pr\u00e9cieux ! Mais quels sont-ils ? analyses de r\u00e9seau orient\u00e9es vers l\u2019int\u00e9gration de solutions Nous proposons un service d\u2019entretien et de contr\u00f4le pour votre (vos) batterie(s) de condensateurs qui int\u00e8gre \u00e9galement un contr\u00f4le technique [&hellip;]<\/p>\n","protected":false},"author":1,"featured_media":0,"parent":0,"menu_order":5,"comment_status":"closed","ping_status":"closed","template":"","meta":{"footnotes":""},"class_list":["post-156","page","type-page","status-publish","hentry"],"_links":{"self":[{"href":"https:\/\/primotem.be\/index.php\/wp-json\/wp\/v2\/pages\/156","targetHints":{"allow":["GET"]}}],"collection":[{"href":"https:\/\/primotem.be\/index.php\/wp-json\/wp\/v2\/pages"}],"about":[{"href":"https:\/\/primotem.be\/index.php\/wp-json\/wp\/v2\/types\/page"}],"author":[{"embeddable":true,"href":"https:\/\/primotem.be\/index.php\/wp-json\/wp\/v2\/users\/1"}],"replies":[{"embeddable":true,"href":"https:\/\/primotem.be\/index.php\/wp-json\/wp\/v2\/comments?post=156"}],"version-history":[{"count":1,"href":"https:\/\/primotem.be\/index.php\/wp-json\/wp\/v2\/pages\/156\/revisions"}],"predecessor-version":[{"id":162,"href":"https:\/\/primotem.be\/index.php\/wp-json\/wp\/v2\/pages\/156\/revisions\/162"}],"wp:attachment":[{"href":"https:\/\/primotem.be\/index.php\/wp-json\/wp\/v2\/media?parent=156"}],"curies":[{"name":"wp","href":"https:\/\/api.w.org\/{rel}","templated":true}]}}