{"id":125,"date":"2024-12-18T16:57:50","date_gmt":"2024-12-18T15:57:50","guid":{"rendered":"https:\/\/primotem.be\/?page_id=125"},"modified":"2025-01-09T10:04:03","modified_gmt":"2025-01-09T09:04:03","slug":"comptablite-energetique","status":"publish","type":"page","link":"https:\/\/primotem.be\/index.php\/comptablite-energetique\/","title":{"rendered":"Comptablit\u00e9 \u00c9nerg\u00e9tique"},"content":{"rendered":"<nav class=\"is-responsive items-justified-center alignwide wp-block-navigation is-content-justification-center is-layout-flex wp-container-core-navigation-is-layout-a89b3969 wp-block-navigation-is-layout-flex\" aria-label=\"Navigation 3\" \n\t\t data-wp-interactive=\"core\/navigation\" data-wp-context='{\"overlayOpenedBy\":{\"click\":false,\"hover\":false,\"focus\":false},\"type\":\"overlay\",\"roleAttribute\":\"\",\"ariaLabel\":\"Menu\"}'><button aria-haspopup=\"dialog\" aria-label=\"Open menu\" class=\"wp-block-navigation__responsive-container-open\" \n\t\t\t\tdata-wp-on--click=\"actions.openMenuOnClick\"\n\t\t\t\tdata-wp-on--keydown=\"actions.handleMenuKeydown\"\n\t\t\t><svg width=\"24\" height=\"24\" xmlns=\"http:\/\/www.w3.org\/2000\/svg\" viewBox=\"0 0 24 24\" aria-hidden=\"true\" focusable=\"false\"><path d=\"M4 7.5h16v1.5H4z\"><\/path><path d=\"M4 15h16v1.5H4z\"><\/path><\/svg><\/button>\n\t\t\t\t<div class=\"wp-block-navigation__responsive-container\"  id=\"modal-1\" \n\t\t\t\tdata-wp-class--has-modal-open=\"state.isMenuOpen\"\n\t\t\t\tdata-wp-class--is-menu-open=\"state.isMenuOpen\"\n\t\t\t\tdata-wp-watch=\"callbacks.initMenu\"\n\t\t\t\tdata-wp-on--keydown=\"actions.handleMenuKeydown\"\n\t\t\t\tdata-wp-on--focusout=\"actions.handleMenuFocusout\"\n\t\t\t\ttabindex=\"-1\"\n\t\t\t>\n\t\t\t\t\t<div class=\"wp-block-navigation__responsive-close\" tabindex=\"-1\">\n\t\t\t\t\t\t<div class=\"wp-block-navigation__responsive-dialog\" \n\t\t\t\tdata-wp-bind--aria-modal=\"state.ariaModal\"\n\t\t\t\tdata-wp-bind--aria-label=\"state.ariaLabel\"\n\t\t\t\tdata-wp-bind--role=\"state.roleAttribute\"\n\t\t\t>\n\t\t\t\t\t\t\t<button aria-label=\"Close menu\" class=\"wp-block-navigation__responsive-container-close\" \n\t\t\t\tdata-wp-on--click=\"actions.closeMenuOnClick\"\n\t\t\t><svg xmlns=\"http:\/\/www.w3.org\/2000\/svg\" viewBox=\"0 0 24 24\" width=\"24\" height=\"24\" aria-hidden=\"true\" focusable=\"false\"><path d=\"m13.06 12 6.47-6.47-1.06-1.06L12 10.94 5.53 4.47 4.47 5.53 10.94 12l-6.47 6.47 1.06 1.06L12 13.06l6.47 6.47 1.06-1.06L13.06 12Z\"><\/path><\/svg><\/button>\n\t\t\t\t\t\t\t<div class=\"wp-block-navigation__responsive-container-content\" \n\t\t\t\tdata-wp-watch=\"callbacks.focusFirstElement\"\n\t\t\t id=\"modal-1-content\">\n\t\t\t\t\t\t\t\t<ul class=\"wp-block-navigation__container is-responsive items-justified-center alignwide wp-block-navigation\"><ul class=\"wp-block-page-list\"><li class=\"wp-block-pages-list__item wp-block-navigation-item open-on-hover-click\"><a class=\"wp-block-pages-list__item__link wp-block-navigation-item__content\" href=\"https:\/\/primotem.be\/index.php\/audits-etudes-techniques\/\">Audits &amp; \u00c9tudes techniques<\/a><\/li><li class=\"wp-block-pages-list__item wp-block-navigation-item open-on-hover-click\"><a class=\"wp-block-pages-list__item__link wp-block-navigation-item__content\" href=\"https:\/\/primotem.be\/index.php\/comptablite-energetique\/\">Comptablit\u00e9 \u00c9nerg\u00e9tique<\/a><\/li><li class=\"wp-block-pages-list__item wp-block-navigation-item open-on-hover-click\"><a class=\"wp-block-pages-list__item__link wp-block-navigation-item__content\" href=\"https:\/\/primotem.be\/index.php\/le-cos-phi\/\">Cos \u03c6<\/a><\/li><li class=\"wp-block-pages-list__item wp-block-navigation-item open-on-hover-click\"><a class=\"wp-block-pages-list__item__link wp-block-navigation-item__content\" href=\"https:\/\/primotem.be\/index.php\/page-d-exemple\/\">Power Quality<\/a><\/li><li class=\"wp-block-pages-list__item wp-block-navigation-item open-on-hover-click\"><a class=\"wp-block-pages-list__item__link wp-block-navigation-item__content\" href=\"https:\/\/primotem.be\/index.php\/s-a-v\/\">S.A.V.<\/a><\/li><li class=\"wp-block-pages-list__item wp-block-navigation-item open-on-hover-click\"><a class=\"wp-block-pages-list__item__link wp-block-navigation-item__content\" href=\"https:\/\/primotem.be\/index.php\/delestage-effacement\/\">D\u00e9lestage &#8211; Effacement<\/a><\/li><li class=\"wp-block-pages-list__item wp-block-navigation-item open-on-hover-click\"><a class=\"wp-block-pages-list__item__link wp-block-navigation-item__content\" href=\"https:\/\/primotem.be\/index.php\/contacts\/\">Contacts<\/a><\/li><\/ul><\/ul>\n\t\t\t\t\t\t\t<\/div>\n\t\t\t\t\t\t<\/div>\n\t\t\t\t\t<\/div>\n\t\t\t\t<\/div><\/nav>\n\n\n<blockquote class=\"wp-block-quote is-layout-flow wp-block-quote-is-layout-flow\">\n<p class=\"has-text-align-center\"><em>\u00ab\u00a0Mesurer, c\u2019est comprendre, et ensuite, agir\u00a0\u00bb<\/em><\/p>\n<\/blockquote>\n\n\n\n<figure class=\"wp-block-image alignwide size-large\"><img loading=\"lazy\" decoding=\"async\" width=\"1024\" height=\"470\" src=\"https:\/\/primotem.be\/wp-content\/uploads\/2024\/12\/image-11-1024x470.png\" alt=\"\" class=\"wp-image-126\" srcset=\"https:\/\/primotem.be\/wp-content\/uploads\/2024\/12\/image-11-1024x470.png 1024w, https:\/\/primotem.be\/wp-content\/uploads\/2024\/12\/image-11-300x138.png 300w, https:\/\/primotem.be\/wp-content\/uploads\/2024\/12\/image-11-768x353.png 768w, https:\/\/primotem.be\/wp-content\/uploads\/2024\/12\/image-11.png 1400w\" sizes=\"auto, (max-width: 1024px) 100vw, 1024px\" \/><\/figure>\n\n\n\n<h3 class=\"wp-block-heading\">PIMEnTS<sub>\u00a9<\/sub>&nbsp;&nbsp;&nbsp;&nbsp;&nbsp; <strong>P<\/strong>asserelle d\u2019<strong>I<\/strong>nt\u00e9gration en <strong>M<\/strong>anagement <strong>En<\/strong>erg\u00e9tique pour les <strong>T<\/strong>echniques <strong>S<\/strong>p\u00e9ciales<\/h3>\n\n\n\n<p>L&#8217;interop\u00e9rabilit\u00e9 entre le <strong>SmartGrid<\/strong>, la gestion de process, le pilotage des installations, le suivi des consommations, la production d&#8217;\u00e9nergie renouvelable, les bases de donn\u00e9es centralis\u00e9es et la gestion des achats d&#8217;\u00e9nergie est essentielle pour assurer une comptabilit\u00e9 \u00e9nerg\u00e9tique efficace. En connectant ces diff\u00e9rents syst\u00e8mes, il devient possible de :<\/p>\n\n\n\n<ol class=\"wp-block-list\">\n<li><strong>Collecter des donn\u00e9es pr\u00e9cises et en temps r\u00e9el<\/strong> : Une vue compl\u00e8te des consommations et productions d&#8217;\u00e9nergie permet de mieux comprendre les flux \u00e9nerg\u00e9tiques.<\/li>\n\n\n\n<li><strong>Optimiser les processus \u00e9nerg\u00e9tiques<\/strong> : Gr\u00e2ce \u00e0 une synchronisation entre la production, le stockage et la consommation, les inefficacit\u00e9s peuvent \u00eatre r\u00e9duites.<\/li>\n\n\n\n<li><strong>Faciliter la prise de d\u00e9cision<\/strong> : Les donn\u00e9es consolid\u00e9es permettent d&#8217;identifier des leviers d&#8217;\u00e9conomie, d&#8217;am\u00e9liorer les pr\u00e9visions et d&#8217;optimiser les achats d&#8217;\u00e9nergie.<\/li>\n\n\n\n<li><strong>Valoriser les \u00e9nergies renouvelables<\/strong> : En int\u00e9grant leur production dans les syst\u00e8mes globaux, elles deviennent mieux utilis\u00e9es et planifi\u00e9es.<\/li>\n\n\n\n<li><strong>Automatiser les actions correctives<\/strong> : En cas de d\u00e9rive \u00e9nerg\u00e9tique, les syst\u00e8mes interconnect\u00e9s peuvent d\u00e9clencher des actions telles que le d\u00e9lestage ou le pilotage intelligent.<\/li>\n<\/ol>\n\n\n\n<p>Sans interop\u00e9rabilit\u00e9, les donn\u00e9es restent cloisonn\u00e9es, ce qui limite la visibilit\u00e9 globale et les possibilit\u00e9s d&#8217;optimisation n\u00e9cessaires pour atteindre une gestion \u00e9nerg\u00e9tique performante et durable.&#8221;<\/p>\n","protected":false},"excerpt":{"rendered":"<p>\u00ab\u00a0Mesurer, c\u2019est comprendre, et ensuite, agir\u00a0\u00bb PIMEnTS\u00a9&nbsp;&nbsp;&nbsp;&nbsp;&nbsp; Passerelle d\u2019Int\u00e9gration en Management Energ\u00e9tique pour les Techniques Sp\u00e9ciales L&#8217;interop\u00e9rabilit\u00e9 entre le SmartGrid, la gestion de process, le pilotage des installations, le suivi des consommations, la production d&#8217;\u00e9nergie renouvelable, les bases de donn\u00e9es centralis\u00e9es et la gestion des achats d&#8217;\u00e9nergie est essentielle pour assurer une comptabilit\u00e9 \u00e9nerg\u00e9tique efficace. [&hellip;]<\/p>\n","protected":false},"author":1,"featured_media":0,"parent":0,"menu_order":2,"comment_status":"closed","ping_status":"closed","template":"","meta":{"footnotes":""},"class_list":["post-125","page","type-page","status-publish","hentry"],"_links":{"self":[{"href":"https:\/\/primotem.be\/index.php\/wp-json\/wp\/v2\/pages\/125","targetHints":{"allow":["GET"]}}],"collection":[{"href":"https:\/\/primotem.be\/index.php\/wp-json\/wp\/v2\/pages"}],"about":[{"href":"https:\/\/primotem.be\/index.php\/wp-json\/wp\/v2\/types\/page"}],"author":[{"embeddable":true,"href":"https:\/\/primotem.be\/index.php\/wp-json\/wp\/v2\/users\/1"}],"replies":[{"embeddable":true,"href":"https:\/\/primotem.be\/index.php\/wp-json\/wp\/v2\/comments?post=125"}],"version-history":[{"count":3,"href":"https:\/\/primotem.be\/index.php\/wp-json\/wp\/v2\/pages\/125\/revisions"}],"predecessor-version":[{"id":137,"href":"https:\/\/primotem.be\/index.php\/wp-json\/wp\/v2\/pages\/125\/revisions\/137"}],"wp:attachment":[{"href":"https:\/\/primotem.be\/index.php\/wp-json\/wp\/v2\/media?parent=125"}],"curies":[{"name":"wp","href":"https:\/\/api.w.org\/{rel}","templated":true}]}}