{"id":110,"date":"2024-12-18T11:01:49","date_gmt":"2024-12-18T10:01:49","guid":{"rendered":"https:\/\/primotem.be\/?page_id=110"},"modified":"2025-01-09T10:20:59","modified_gmt":"2025-01-09T09:20:59","slug":"audits-etudes-techniques","status":"publish","type":"page","link":"https:\/\/primotem.be\/index.php\/audits-etudes-techniques\/","title":{"rendered":"Audits &amp; \u00c9tudes techniques"},"content":{"rendered":"\n<div class=\"wp-block-group alignfull has-global-padding is-layout-constrained wp-block-group-is-layout-constrained\"><nav class=\"is-responsive items-justified-center alignwide wp-block-navigation is-content-justification-center is-layout-flex wp-container-core-navigation-is-layout-a89b3969 wp-block-navigation-is-layout-flex\" aria-label=\"Navigation 3\" \n\t\t data-wp-interactive=\"core\/navigation\" data-wp-context='{\"overlayOpenedBy\":{\"click\":false,\"hover\":false,\"focus\":false},\"type\":\"overlay\",\"roleAttribute\":\"\",\"ariaLabel\":\"Menu\"}'><button aria-haspopup=\"dialog\" aria-label=\"Open menu\" class=\"wp-block-navigation__responsive-container-open\" \n\t\t\t\tdata-wp-on--click=\"actions.openMenuOnClick\"\n\t\t\t\tdata-wp-on--keydown=\"actions.handleMenuKeydown\"\n\t\t\t><svg width=\"24\" height=\"24\" xmlns=\"http:\/\/www.w3.org\/2000\/svg\" viewBox=\"0 0 24 24\" aria-hidden=\"true\" focusable=\"false\"><path d=\"M4 7.5h16v1.5H4z\"><\/path><path d=\"M4 15h16v1.5H4z\"><\/path><\/svg><\/button>\n\t\t\t\t<div class=\"wp-block-navigation__responsive-container\"  id=\"modal-1\" \n\t\t\t\tdata-wp-class--has-modal-open=\"state.isMenuOpen\"\n\t\t\t\tdata-wp-class--is-menu-open=\"state.isMenuOpen\"\n\t\t\t\tdata-wp-watch=\"callbacks.initMenu\"\n\t\t\t\tdata-wp-on--keydown=\"actions.handleMenuKeydown\"\n\t\t\t\tdata-wp-on--focusout=\"actions.handleMenuFocusout\"\n\t\t\t\ttabindex=\"-1\"\n\t\t\t>\n\t\t\t\t\t<div class=\"wp-block-navigation__responsive-close\" tabindex=\"-1\">\n\t\t\t\t\t\t<div class=\"wp-block-navigation__responsive-dialog\" \n\t\t\t\tdata-wp-bind--aria-modal=\"state.ariaModal\"\n\t\t\t\tdata-wp-bind--aria-label=\"state.ariaLabel\"\n\t\t\t\tdata-wp-bind--role=\"state.roleAttribute\"\n\t\t\t>\n\t\t\t\t\t\t\t<button aria-label=\"Close menu\" class=\"wp-block-navigation__responsive-container-close\" \n\t\t\t\tdata-wp-on--click=\"actions.closeMenuOnClick\"\n\t\t\t><svg xmlns=\"http:\/\/www.w3.org\/2000\/svg\" viewBox=\"0 0 24 24\" width=\"24\" height=\"24\" aria-hidden=\"true\" focusable=\"false\"><path d=\"m13.06 12 6.47-6.47-1.06-1.06L12 10.94 5.53 4.47 4.47 5.53 10.94 12l-6.47 6.47 1.06 1.06L12 13.06l6.47 6.47 1.06-1.06L13.06 12Z\"><\/path><\/svg><\/button>\n\t\t\t\t\t\t\t<div class=\"wp-block-navigation__responsive-container-content\" \n\t\t\t\tdata-wp-watch=\"callbacks.focusFirstElement\"\n\t\t\t id=\"modal-1-content\">\n\t\t\t\t\t\t\t\t<ul class=\"wp-block-navigation__container is-responsive items-justified-center alignwide wp-block-navigation\"><ul class=\"wp-block-page-list\"><li class=\"wp-block-pages-list__item wp-block-navigation-item open-on-hover-click\"><a class=\"wp-block-pages-list__item__link wp-block-navigation-item__content\" href=\"https:\/\/primotem.be\/index.php\/audits-etudes-techniques\/\">Audits &amp; \u00c9tudes techniques<\/a><\/li><li class=\"wp-block-pages-list__item wp-block-navigation-item open-on-hover-click\"><a class=\"wp-block-pages-list__item__link wp-block-navigation-item__content\" href=\"https:\/\/primotem.be\/index.php\/comptablite-energetique\/\">Comptablit\u00e9 \u00c9nerg\u00e9tique<\/a><\/li><li class=\"wp-block-pages-list__item wp-block-navigation-item open-on-hover-click\"><a class=\"wp-block-pages-list__item__link wp-block-navigation-item__content\" href=\"https:\/\/primotem.be\/index.php\/le-cos-phi\/\">Cos \u03c6<\/a><\/li><li class=\"wp-block-pages-list__item wp-block-navigation-item open-on-hover-click\"><a class=\"wp-block-pages-list__item__link wp-block-navigation-item__content\" href=\"https:\/\/primotem.be\/index.php\/page-d-exemple\/\">Power Quality<\/a><\/li><li class=\"wp-block-pages-list__item wp-block-navigation-item open-on-hover-click\"><a class=\"wp-block-pages-list__item__link wp-block-navigation-item__content\" href=\"https:\/\/primotem.be\/index.php\/s-a-v\/\">S.A.V.<\/a><\/li><li class=\"wp-block-pages-list__item wp-block-navigation-item open-on-hover-click\"><a class=\"wp-block-pages-list__item__link wp-block-navigation-item__content\" href=\"https:\/\/primotem.be\/index.php\/delestage-effacement\/\">D\u00e9lestage &#8211; Effacement<\/a><\/li><li class=\"wp-block-pages-list__item wp-block-navigation-item open-on-hover-click\"><a class=\"wp-block-pages-list__item__link wp-block-navigation-item__content\" href=\"https:\/\/primotem.be\/index.php\/contacts\/\">Contacts<\/a><\/li><\/ul><\/ul>\n\t\t\t\t\t\t\t<\/div>\n\t\t\t\t\t\t<\/div>\n\t\t\t\t\t<\/div>\n\t\t\t\t<\/div><\/nav><\/div>\n\n\n\n<h2 class=\"wp-block-heading\">Une Utilisation plus Rationnelle de l&#8217;Energie ? Primotem est l\u00e0 pour vous y aider !<\/h2>\n\n\n\n<div class=\"wp-block-group alignfull has-base-color has-contrast-background-color has-text-color has-background has-global-padding is-layout-constrained wp-container-core-group-is-layout-ef3d885c wp-block-group-is-layout-constrained\" style=\"margin-top:0;margin-bottom:0;padding-top:var(--wp--preset--spacing--60);padding-right:var(--wp--preset--spacing--60);padding-bottom:var(--wp--preset--spacing--60);padding-left:var(--wp--preset--spacing--60)\">\n<div class=\"wp-block-group has-global-padding is-layout-constrained wp-block-group-is-layout-constrained\">\n<p class=\"has-text-align-center has-base-color has-text-color has-heading-font-family has-x-large-font-size\" style=\"line-height:1.2\"><em>\u00ab&nbsp;Am\u00e9liorer l\u2019empreinte \u00e9nerg\u00e9tique tout en maintenant le volume de production et confort\u00bb<\/em><\/p>\n\n\n\n<div style=\"height:var(--wp--preset--spacing--10)\" aria-hidden=\"true\" class=\"wp-block-spacer\"><\/div>\n<\/div>\n\n\n\n<h2 class=\"wp-block-heading\"><\/h2>\n\n\n\n<figure class=\"wp-block-image alignwide size-large\"><img loading=\"lazy\" decoding=\"async\" width=\"1024\" height=\"481\" src=\"https:\/\/primotem.be\/wp-content\/uploads\/2024\/12\/image-17-1024x481.png\" alt=\"\" class=\"wp-image-147\" srcset=\"https:\/\/primotem.be\/wp-content\/uploads\/2024\/12\/image-17-1024x481.png 1024w, https:\/\/primotem.be\/wp-content\/uploads\/2024\/12\/image-17-300x141.png 300w, https:\/\/primotem.be\/wp-content\/uploads\/2024\/12\/image-17-768x361.png 768w, https:\/\/primotem.be\/wp-content\/uploads\/2024\/12\/image-17.png 1466w\" sizes=\"auto, (max-width: 1024px) 100vw, 1024px\" \/><\/figure>\n<\/div>\n\n\n\n<ul class=\"wp-block-list\">\n<li>Suivre la directive europ\u00e9enne 2012\/27\/EU ?<\/li>\n\n\n\n<li>S&#8217;inscrire dans une d\u00e9marche ISO 50001 ?<\/li>\n\n\n\n<li>Mettre en place un plan d&#8217;action \u00e9nerg\u00e9tique dans le cadre des Accords de branche de seconde g\u00e9n\u00e9ration ?<\/li>\n\n\n\n<li>S&#8217;inscrire dans une mouvance visant \u00e0 une Utilisation (plus) Rationnelle de l&#8217;Energie ?<\/li>\n\n\n\n<li>R\u00e9aliser un audit partiel ou global, une \u00e9tude de pr\u00e9faisabilit\u00e9 telle que d\u00e9crite\u00a0<a href=\"https:\/\/energie.wallonie.be\/fr\/audits-et-etudes-amureba.html?IDC=7948\" target=\"_blank\" rel=\"noreferrer noopener\">ici<\/a>\u00a0?<\/li>\n\n\n\n<li>Vous accompagnez dans vos investissements \u00e9conomiseurs d&#8217;\u00e9nergie ?<\/li>\n<\/ul>\n\n\n\n<h2 class=\"wp-block-heading\">Nos activit\u00e9s d&#8217;audits \u00e9nerg\u00e9tiques<\/h2>\n\n\n\n<p>Agr\u00e9\u00e9es par la r\u00e9gion Wallonne <\/p>\n\n\n\n<ul class=\"wp-block-list\">\n<li>Audit Energ\u00e9tique global &#8211; Audit \u00e9nerg\u00e9tique partiel<\/li>\n\n\n\n<li>Audit de pr\u00e9faisabilit\u00e9 \/ faisabilit\u00e9 technique pour investissement \u00e9conomiseur d&#8217;energie (U.R.E.)<\/li>\n\n\n\n<li>Audit de consommation &#8211; Contr\u00f4le des\u00a0factures\u00a0d&#8217;\u00e9nergie<\/li>\n\n\n\n<li>Audits \u00e9clairage &#8211; HVAC &#8211; Virtualisation &#8211; Variation de vitesse &#8211; sources d&#8217;Energies Renouvelables<\/li>\n\n\n\n<li>Etude, mise en place et suivi de la\u00a0<a href=\"https:\/\/primotem.be\/index.php\/comptablite-energetique\/\" data-type=\"page\" data-id=\"125\" target=\"_blank\" rel=\"noreferrer noopener\">Comptabilit\u00e9 Energ\u00e9tique<\/a>\u00a0conforme au plan Amure<\/li>\n\n\n\n<li>Gestion de production et am\u00e9lioration de l&#8217;efficience \u00e9nerg\u00e9tique<\/li>\n<\/ul>\n\n\n\n<h2 class=\"wp-block-heading\">Nos activit\u00e9s d&#8217;audits techniques<\/h2>\n\n\n\n<p>Inspection d&#8217;\u00e9quipements B.T., M.T., H.T. (<a href=\"https:\/\/primotem.be\/index.php\/le-cos-phi\/\" data-type=\"page\" data-id=\"37\" target=\"_blank\" rel=\"noreferrer noopener\">batteries de condensateurs<\/a>,\u00a0<a href=\"https:\/\/primotem.be\/index.php\/page-d-exemple\/\" data-type=\"page\" data-id=\"2\" target=\"_blank\" rel=\"noreferrer noopener\">filtres<\/a>, &#8230;)<\/p>\n\n\n\n<ul class=\"wp-block-list\">\n<li>Optimisation de r\u00e9glages<\/li>\n<\/ul>\n\n\n\n<h2 class=\"wp-block-heading\">Les \u00e9nergies renouvelables<\/h2>\n\n\n\n<p><strong>\u00ab Faire du Vert \u00bb, \u00e7a ne s\u2019improvise pas !<\/strong><\/p>\n\n\n\n<p>Notre r\u00f4le consiste \u00e0 vous conseiller et \u00e0 v\u00e9rifier les possibilit\u00e9s d\u2019implantation de Sources d\u2019Energies Renouvelables (SER) sur votre site en toute ma\u00eetrise des tenants et aboutissants technico-financiers.<\/p>\n","protected":false},"excerpt":{"rendered":"<p>Une Utilisation plus Rationnelle de l&#8217;Energie ? Primotem est l\u00e0 pour vous y aider ! \u00ab&nbsp;Am\u00e9liorer l\u2019empreinte \u00e9nerg\u00e9tique tout en maintenant le volume de production et confort\u00bb Nos activit\u00e9s d&#8217;audits \u00e9nerg\u00e9tiques Agr\u00e9\u00e9es par la r\u00e9gion Wallonne Nos activit\u00e9s d&#8217;audits techniques Inspection d&#8217;\u00e9quipements B.T., M.T., H.T. (batteries de condensateurs,\u00a0filtres, &#8230;) Les \u00e9nergies renouvelables \u00ab Faire du [&hellip;]<\/p>\n","protected":false},"author":1,"featured_media":0,"parent":0,"menu_order":1,"comment_status":"closed","ping_status":"closed","template":"","meta":{"footnotes":""},"class_list":["post-110","page","type-page","status-publish","hentry"],"_links":{"self":[{"href":"https:\/\/primotem.be\/index.php\/wp-json\/wp\/v2\/pages\/110","targetHints":{"allow":["GET"]}}],"collection":[{"href":"https:\/\/primotem.be\/index.php\/wp-json\/wp\/v2\/pages"}],"about":[{"href":"https:\/\/primotem.be\/index.php\/wp-json\/wp\/v2\/types\/page"}],"author":[{"embeddable":true,"href":"https:\/\/primotem.be\/index.php\/wp-json\/wp\/v2\/users\/1"}],"replies":[{"embeddable":true,"href":"https:\/\/primotem.be\/index.php\/wp-json\/wp\/v2\/comments?post=110"}],"version-history":[{"count":5,"href":"https:\/\/primotem.be\/index.php\/wp-json\/wp\/v2\/pages\/110\/revisions"}],"predecessor-version":[{"id":165,"href":"https:\/\/primotem.be\/index.php\/wp-json\/wp\/v2\/pages\/110\/revisions\/165"}],"wp:attachment":[{"href":"https:\/\/primotem.be\/index.php\/wp-json\/wp\/v2\/media?parent=110"}],"curies":[{"name":"wp","href":"https:\/\/api.w.org\/{rel}","templated":true}]}}